{"id":1643,"date":"2020-11-13T14:58:53","date_gmt":"2020-11-13T13:58:53","guid":{"rendered":"https:\/\/www.systerel.fr\/en\/?page_id=1643"},"modified":"2023-04-12T16:26:04","modified_gmt":"2023-04-12T15:26:04","slug":"solidarity-commitments","status":"publish","type":"page","link":"https:\/\/www.systerel.fr\/en\/company\/solidarity-commitments\/","title":{"rendered":"Solidarity commitments"},"content":{"rendered":"\n<p>Solidarity, mutual aid and commitment are important values at Systerel.<\/p>\n\n\n\n<p>All of the company&#8217;s employees at all sites are involved on a daily basis in national solidarity initiatives.<\/p>\n\n\n\n<h2 class=\"wp-block-heading\"><strong>My Litte Planet Challenge<\/strong><\/h2>\n\n\n\n<p>Systerel participated in the My Little Planet Challenge for 3 weeks of competition! <\/p>\n\n\n\n<p>On the program: ecological challenges to choose from and share among 15 themes such as biodiversity, waste, solidarity&#8230;<\/p>\n\n\n\n<p>Systerel reached the podium in 3rd place out of 42 participating companies with an average of 26 bonus challenges per player!<\/p>\n\n\n\n<p>We are proud to have participated in this challenge with our employees!<\/p>\n\n\n\n<p>It will allow each of us to maintain and develop eco-responsible practices on a daily basis.<\/p>\n\n\n\n<h2 class=\"wp-block-heading\"><strong>Solidarity Races<\/strong><\/h2>\n\n\n\n<p>Systerel employees regularly take part in sporting events, part of the profits of which is donated to research or associations.<\/p>\n\n\n\n<p>In 2022, nearly 40 of our employees illuminated the cities of Paris, Toulouse and Aix-en-Provence during the charity run &#8220;<a href=\"https:\/\/www.coursedeslumieres.com\/\">Course des Lumi\u00e8res<\/a>&#8220;. The profits collected during this event were donated to the Institut Curie, the Toulouse Cancer Health Foundation and the Alzheimer Research Foundation.<\/p>\n\n\n\n<p>In 2019, more than 25 Systerel employees took part in the &#8220;<a href=\"https:\/\/www.lesbacchantes.org\/site-en-construction\/\">Les Bacchantes<\/a>&#8221; solidarity race, part of the profits of which are collected for the benefit of research against prostate cancer.<\/p>\n\n\n\n<div class=\"wp-block-columns is-layout-flex wp-container-core-columns-is-layout-9d6595d7 wp-block-columns-is-layout-flex\">\n<div class=\"wp-block-column is-layout-flow wp-block-column-is-layout-flow\"><div class=\"wp-block-image\">\n<figure class=\"aligncenter size-full\"><a href=\"https:\/\/www.systerel.fr\/en\/wp-content\/uploads\/sites\/3\/2022\/12\/Coursedeslumieres.jpg\"><img decoding=\"async\" src=\"https:\/\/www.systerel.fr\/en\/wp-content\/uploads\/sites\/3\/2022\/12\/Coursedeslumieres.jpg\" alt=\"\u00e9v\u00e9nement caritatif course des lumi\u00e8res Systerel\" class=\"wp-image-2589\"\/><\/a><\/figure>\n<\/div><\/div>\n\n\n\n<div class=\"wp-block-column is-layout-flow wp-block-column-is-layout-flow\"><div class=\"wp-block-image\">\n<figure class=\"aligncenter size-full\"><a href=\"https:\/\/www.systerel.fr\/en\/wp-content\/uploads\/sites\/3\/2023\/04\/Bacchantes_LN_2.png\"><img loading=\"lazy\" decoding=\"async\" width=\"756\" height=\"507\" src=\"https:\/\/www.systerel.fr\/en\/wp-content\/uploads\/sites\/3\/2023\/04\/Bacchantes_LN_2.png\" alt=\"\" class=\"wp-image-2687\" srcset=\"https:\/\/www.systerel.fr\/en\/wp-content\/uploads\/sites\/3\/2023\/04\/Bacchantes_LN_2.png 756w, https:\/\/www.systerel.fr\/en\/wp-content\/uploads\/sites\/3\/2023\/04\/Bacchantes_LN_2-300x201.png 300w\" sizes=\"auto, (max-width: 756px) 100vw, 756px\" \/><\/a><\/figure>\n<\/div><\/div>\n<\/div>\n\n\n\n<h2 class=\"wp-block-heading\"><strong>Solidarity collections<\/strong><\/h2>\n\n\n\n<div class=\"wp-block-media-text alignwide is-stacked-on-mobile\" style=\"grid-template-columns:21% auto\"><figure class=\"wp-block-media-text__media\"><img loading=\"lazy\" decoding=\"async\" width=\"1024\" height=\"1024\" src=\"https:\/\/www.systerel.fr\/en\/wp-content\/uploads\/sites\/3\/2020\/11\/Secours-populaire-1024x1024.png\" alt=\"\" class=\"wp-image-1647 size-full\" srcset=\"https:\/\/www.systerel.fr\/en\/wp-content\/uploads\/sites\/3\/2020\/11\/Secours-populaire.png 1024w, https:\/\/www.systerel.fr\/en\/wp-content\/uploads\/sites\/3\/2020\/11\/Secours-populaire-300x300.png 300w, https:\/\/www.systerel.fr\/en\/wp-content\/uploads\/sites\/3\/2020\/11\/Secours-populaire-150x150.png 150w, https:\/\/www.systerel.fr\/en\/wp-content\/uploads\/sites\/3\/2020\/11\/Secours-populaire-768x768.png 768w\" sizes=\"auto, (max-width: 1024px) 100vw, 1024px\" \/><\/figure><div class=\"wp-block-media-text__content\">\n<p>Systerel is organizes solidarity collections: all employees are mobilizing to help the most deprived by donating clothing, shoes, bags and toys.<\/p>\n\n\n\n<figure class=\"wp-block-image size-large is-resized\"><a href=\"https:\/\/www.systerel.fr\/en\/wp-content\/uploads\/sites\/3\/2022\/05\/REJ-LOGO.png\"><img loading=\"lazy\" decoding=\"async\" src=\"https:\/\/www.systerel.fr\/en\/wp-content\/uploads\/sites\/3\/2022\/05\/REJ-LOGO-1024x279.png\" alt=\"\" class=\"wp-image-2362\" width=\"276\" height=\"74\" srcset=\"https:\/\/www.systerel.fr\/en\/wp-content\/uploads\/sites\/3\/2022\/05\/REJ-LOGO-1024x279.png 1024w, https:\/\/www.systerel.fr\/en\/wp-content\/uploads\/sites\/3\/2022\/05\/REJ-LOGO-300x82.png 300w, https:\/\/www.systerel.fr\/en\/wp-content\/uploads\/sites\/3\/2022\/05\/REJ-LOGO-768x209.png 768w, https:\/\/www.systerel.fr\/en\/wp-content\/uploads\/sites\/3\/2022\/05\/REJ-LOGO.png 1500w\" sizes=\"auto, (max-width: 276px) 100vw, 276px\" \/><\/a><\/figure>\n<\/div><\/div>\n\n\n\n<h2 class=\"wp-block-heading\"><strong>Donation on salary<\/strong><\/h2>\n\n\n\n<p>Since 2019, we implemented the donation on salary. Each year, we select an association carrying values to which we are attached. Employees wishing to make a donation are free to decide on the monthly amount they wish to donate and the company tops up with an equivalent amount, in order to double the donations to the association.<\/p>\n\n\n\n<p>In 2020, more than \u20ac4,000 was donated to the association &#8220;<a href=\"https:\/\/www.lavoixdelenfant.org\/\">La Voix de l&#8217;Enfant<\/a>&#8220;, which works towards  access to education and  the defense of children&#8217;s rights.<\/p>\n\n\n\n<p>We decided to renew our donations to &#8220;<a href=\"https:\/\/www.lavoixdelenfant.org\/\">La Voix de l&#8217;Enfant<\/a>&#8221; in 2021 and have donated more than \u20ac5,000! <\/p>\n\n\n\n<p>For 2022, we choose to support medical research by donating to the &#8220;<a href=\"https:\/\/institut-curie.org\/\">Institut Curie<\/a>&#8220;, we collected more than \u20ac5,000.<\/p>\n\n\n\n<p>In 2023, we are continuing our action by supporting the &#8220;<a href=\"https:\/\/fne.asso.fr\/\">France Nature Environnement<\/a>&#8221; association, whose objective is to advance environmental law in France.<\/p>\n\n\n\n<div class=\"wp-block-columns is-layout-flex wp-container-core-columns-is-layout-9d6595d7 wp-block-columns-is-layout-flex\">\n<div class=\"wp-block-column is-layout-flow wp-block-column-is-layout-flow\"><div class=\"wp-block-image\">\n<figure class=\"aligncenter size-full is-resized\"><a href=\"https:\/\/www.lavoixdelenfant.org\/\"><img loading=\"lazy\" decoding=\"async\" src=\"https:\/\/www.systerel.fr\/en\/wp-content\/uploads\/sites\/3\/2020\/11\/Voix_360.png\" alt=\"La voix de l'enfant\" class=\"wp-image-1648\" width=\"186\" height=\"105\" srcset=\"https:\/\/www.systerel.fr\/en\/wp-content\/uploads\/sites\/3\/2020\/11\/Voix_360.png 360w, https:\/\/www.systerel.fr\/en\/wp-content\/uploads\/sites\/3\/2020\/11\/Voix_360-300x171.png 300w\" sizes=\"auto, (max-width: 186px) 100vw, 186px\" \/><\/a><\/figure>\n<\/div><\/div>\n\n\n\n<div class=\"wp-block-column is-layout-flow wp-block-column-is-layout-flow\"><div class=\"wp-block-image\">\n<figure class=\"aligncenter size-full is-resized\"><a href=\"https:\/\/institut-curie.org\/\"><img loading=\"lazy\" decoding=\"async\" src=\"https:\/\/www.systerel.fr\/en\/wp-content\/uploads\/sites\/3\/2021\/12\/curie-logo.png\" alt=\"Payroll donation institut Curie\" class=\"wp-image-2237\" width=\"98\" height=\"100\"\/><\/a><\/figure>\n<\/div><\/div>\n\n\n\n<div class=\"wp-block-column is-layout-flow wp-block-column-is-layout-flow\"><div class=\"wp-block-image\">\n<figure class=\"aligncenter size-full is-resized\"><a href=\"https:\/\/fne.asso.fr\/\"><img loading=\"lazy\" decoding=\"async\" src=\"https:\/\/www.systerel.fr\/en\/wp-content\/uploads\/sites\/3\/2023\/04\/Logo_France_Nature_Environnement_2016.jpg\" alt=\"Association France Nature Environnement\" class=\"wp-image-2684\" width=\"121\" height=\"100\" srcset=\"https:\/\/www.systerel.fr\/en\/wp-content\/uploads\/sites\/3\/2023\/04\/Logo_France_Nature_Environnement_2016.jpg 457w, https:\/\/www.systerel.fr\/en\/wp-content\/uploads\/sites\/3\/2023\/04\/Logo_France_Nature_Environnement_2016-300x249.jpg 300w, https:\/\/www.systerel.fr\/en\/wp-content\/uploads\/sites\/3\/2023\/04\/Logo_France_Nature_Environnement_2016-275x225.jpg 275w\" sizes=\"auto, (max-width: 121px) 100vw, 121px\" \/><\/a><\/figure>\n<\/div><\/div>\n<\/div>\n\n\n\n<h2 class=\"wp-block-heading\"><strong>Blood donation<\/strong><\/h2>\n\n\n\n<p>Blood donations save lives, that is why Systerel supports employees who commit to this solidarity initiative with the <a href=\"https:\/\/dondesang.efs.sante.fr\/\" target=\"_blank\" rel=\"noreferrer noopener\">EFS<\/a> (French Blood Establishment).<\/p>\n\n\n\n<p>Lack of time is often cited as a hindrance to giving, which is why Systerel employees are given the opportunity to take time off during working hours to visit an EFS collection point.<\/p>\n\n\n<div class=\"wp-block-image\">\n<figure class=\"aligncenter size-large is-resized\"><img loading=\"lazy\" decoding=\"async\" src=\"https:\/\/www.systerel.fr\/wp-content\/uploads\/2020\/12\/don-sang-1024x439.png\" alt=\"\" class=\"wp-image-4269\" width=\"391\" height=\"167\"\/><\/figure>\n<\/div>\n\n\n<h2 class=\"wp-block-heading\"><strong>Recycling<\/strong><\/h2>\n\n\n\n<p>Systerel has been committed for many years to environmental protection. This is why employees are made aware from the moment they arrive at the company of the need to systematically separate daily wastes and to recycle everything that can be recycled, in particular paper, cans, glass, etc.<\/p>\n\n\n\n<p>In addition, we regularly organise the recycling of hardware and furniture through specialised companies.<\/p>\n\n\n<div class=\"wp-block-image\">\n<figure class=\"aligncenter is-resized\"><img loading=\"lazy\" decoding=\"async\" src=\"https:\/\/www.systerel.fr\/wp-content\/uploads\/2020\/11\/recycle-bin-24544_1280_RECYCLAGE.png\" alt=\"\" class=\"wp-image-4116\" width=\"244\" height=\"176\"\/><\/figure>\n<\/div>\n\n\n<div class=\"wp-block-media-text alignwide has-media-on-the-right is-stacked-on-mobile\" style=\"grid-template-columns:auto 21%\"><div class=\"wp-block-media-text__content\">\n<h3 class=\"wp-block-heading\">Currently silver medal winners with Ecovadis, we are making every effort to aim for gold in the very near future.<\/h3>\n<\/div><figure class=\"wp-block-media-text__media\"><img loading=\"lazy\" decoding=\"async\" width=\"900\" height=\"423\" src=\"https:\/\/www.systerel.fr\/en\/wp-content\/uploads\/sites\/3\/2020\/11\/silver.ecovadis-900x423-1.jpg\" alt=\"\" class=\"wp-image-1651 size-full\" srcset=\"https:\/\/www.systerel.fr\/en\/wp-content\/uploads\/sites\/3\/2020\/11\/silver.ecovadis-900x423-1.jpg 900w, https:\/\/www.systerel.fr\/en\/wp-content\/uploads\/sites\/3\/2020\/11\/silver.ecovadis-900x423-1-300x141.jpg 300w, https:\/\/www.systerel.fr\/en\/wp-content\/uploads\/sites\/3\/2020\/11\/silver.ecovadis-900x423-1-768x361.jpg 768w\" sizes=\"auto, (max-width: 900px) 100vw, 900px\" \/><\/figure><\/div>\n","protected":false},"excerpt":{"rendered":"<p>Solidarity, mutual aid and commitment are important values at Systerel.<br \/>\nAll of the company&#8217;s employees at all sites are involved on a daily basis in national solidarity initiatives.<\/p>\n","protected":false},"author":4,"featured_media":0,"parent":61,"menu_order":4,"comment_status":"closed","ping_status":"closed","template":"","meta":{"footnotes":""},"class_list":["post-1643","page","type-page","status-publish","hentry"],"yoast_head":"<!-- This site is optimized with the Yoast SEO plugin v27.3 - https:\/\/yoast.com\/product\/yoast-seo-wordpress\/ -->\n<title>Solidarity commitments - Systerel English<\/title>\n<meta name=\"description\" content=\"Solidarity, mutual aid and commitment are important values at Systerel.\" \/>\n<meta name=\"robots\" content=\"index, follow, max-snippet:-1, max-image-preview:large, max-video-preview:-1\" \/>\n<link rel=\"canonical\" href=\"https:\/\/www.systerel.fr\/en\/company\/solidarity-commitments\/\" \/>\n<meta property=\"og:locale\" content=\"en_US\" \/>\n<meta property=\"og:type\" content=\"article\" \/>\n<meta property=\"og:title\" content=\"Solidarity commitments - Systerel English\" \/>\n<meta property=\"og:description\" content=\"Solidarity, mutual aid and commitment are important values at Systerel.\" \/>\n<meta property=\"og:url\" content=\"https:\/\/www.systerel.fr\/en\/company\/solidarity-commitments\/\" \/>\n<meta property=\"og:site_name\" content=\"Systerel English\" \/>\n<meta property=\"article:modified_time\" content=\"2023-04-12T15:26:04+00:00\" \/>\n<meta property=\"og:image\" content=\"https:\/\/www.systerel.fr\/en\/wp-content\/uploads\/sites\/3\/2022\/12\/Coursedeslumieres.jpg\" \/>\n<meta name=\"twitter:label1\" content=\"Est. reading time\" \/>\n\t<meta name=\"twitter:data1\" content=\"5 minutes\" \/>\n<script type=\"application\/ld+json\" class=\"yoast-schema-graph\">{\"@context\":\"https:\\\/\\\/schema.org\",\"@graph\":[{\"@type\":\"WebPage\",\"@id\":\"https:\\\/\\\/www.systerel.fr\\\/en\\\/company\\\/solidarity-commitments\\\/\",\"url\":\"https:\\\/\\\/www.systerel.fr\\\/en\\\/company\\\/solidarity-commitments\\\/\",\"name\":\"Solidarity commitments - Systerel English\",\"isPartOf\":{\"@id\":\"https:\\\/\\\/www.systerel.fr\\\/en\\\/#website\"},\"primaryImageOfPage\":{\"@id\":\"https:\\\/\\\/www.systerel.fr\\\/en\\\/company\\\/solidarity-commitments\\\/#primaryimage\"},\"image\":{\"@id\":\"https:\\\/\\\/www.systerel.fr\\\/en\\\/company\\\/solidarity-commitments\\\/#primaryimage\"},\"thumbnailUrl\":\"https:\\\/\\\/www.systerel.fr\\\/en\\\/wp-content\\\/uploads\\\/sites\\\/3\\\/2022\\\/12\\\/Coursedeslumieres.jpg\",\"datePublished\":\"2020-11-13T13:58:53+00:00\",\"dateModified\":\"2023-04-12T15:26:04+00:00\",\"description\":\"Solidarity, mutual aid and commitment are important values at Systerel.\",\"breadcrumb\":{\"@id\":\"https:\\\/\\\/www.systerel.fr\\\/en\\\/company\\\/solidarity-commitments\\\/#breadcrumb\"},\"inLanguage\":\"en-US\",\"potentialAction\":[{\"@type\":\"ReadAction\",\"target\":[\"https:\\\/\\\/www.systerel.fr\\\/en\\\/company\\\/solidarity-commitments\\\/\"]}]},{\"@type\":\"ImageObject\",\"inLanguage\":\"en-US\",\"@id\":\"https:\\\/\\\/www.systerel.fr\\\/en\\\/company\\\/solidarity-commitments\\\/#primaryimage\",\"url\":\"https:\\\/\\\/www.systerel.fr\\\/en\\\/wp-content\\\/uploads\\\/sites\\\/3\\\/2022\\\/12\\\/Coursedeslumieres.jpg\",\"contentUrl\":\"https:\\\/\\\/www.systerel.fr\\\/en\\\/wp-content\\\/uploads\\\/sites\\\/3\\\/2022\\\/12\\\/Coursedeslumieres.jpg\"},{\"@type\":\"BreadcrumbList\",\"@id\":\"https:\\\/\\\/www.systerel.fr\\\/en\\\/company\\\/solidarity-commitments\\\/#breadcrumb\",\"itemListElement\":[{\"@type\":\"ListItem\",\"position\":1,\"name\":\"Home\",\"item\":\"https:\\\/\\\/www.systerel.fr\\\/en\\\/\"},{\"@type\":\"ListItem\",\"position\":2,\"name\":\"Company\",\"item\":\"https:\\\/\\\/www.systerel.fr\\\/en\\\/company\\\/\"},{\"@type\":\"ListItem\",\"position\":3,\"name\":\"Solidarity commitments\"}]},{\"@type\":\"WebSite\",\"@id\":\"https:\\\/\\\/www.systerel.fr\\\/en\\\/#website\",\"url\":\"https:\\\/\\\/www.systerel.fr\\\/en\\\/\",\"name\":\"Systerel English\",\"description\":\"Safe real-time solutions\",\"potentialAction\":[{\"@type\":\"SearchAction\",\"target\":{\"@type\":\"EntryPoint\",\"urlTemplate\":\"https:\\\/\\\/www.systerel.fr\\\/en\\\/?s={search_term_string}\"},\"query-input\":{\"@type\":\"PropertyValueSpecification\",\"valueRequired\":true,\"valueName\":\"search_term_string\"}}],\"inLanguage\":\"en-US\"}]}<\/script>\n<!-- \/ Yoast SEO plugin. -->","yoast_head_json":{"title":"Solidarity commitments - Systerel English","description":"Solidarity, mutual aid and commitment are important values at Systerel.","robots":{"index":"index","follow":"follow","max-snippet":"max-snippet:-1","max-image-preview":"max-image-preview:large","max-video-preview":"max-video-preview:-1"},"canonical":"https:\/\/www.systerel.fr\/en\/company\/solidarity-commitments\/","og_locale":"en_US","og_type":"article","og_title":"Solidarity commitments - Systerel English","og_description":"Solidarity, mutual aid and commitment are important values at Systerel.","og_url":"https:\/\/www.systerel.fr\/en\/company\/solidarity-commitments\/","og_site_name":"Systerel English","article_modified_time":"2023-04-12T15:26:04+00:00","og_image":[{"url":"https:\/\/www.systerel.fr\/en\/wp-content\/uploads\/sites\/3\/2022\/12\/Coursedeslumieres.jpg","type":"","width":"","height":""}],"twitter_misc":{"Est. reading time":"5 minutes"},"schema":{"@context":"https:\/\/schema.org","@graph":[{"@type":"WebPage","@id":"https:\/\/www.systerel.fr\/en\/company\/solidarity-commitments\/","url":"https:\/\/www.systerel.fr\/en\/company\/solidarity-commitments\/","name":"Solidarity commitments - Systerel English","isPartOf":{"@id":"https:\/\/www.systerel.fr\/en\/#website"},"primaryImageOfPage":{"@id":"https:\/\/www.systerel.fr\/en\/company\/solidarity-commitments\/#primaryimage"},"image":{"@id":"https:\/\/www.systerel.fr\/en\/company\/solidarity-commitments\/#primaryimage"},"thumbnailUrl":"https:\/\/www.systerel.fr\/en\/wp-content\/uploads\/sites\/3\/2022\/12\/Coursedeslumieres.jpg","datePublished":"2020-11-13T13:58:53+00:00","dateModified":"2023-04-12T15:26:04+00:00","description":"Solidarity, mutual aid and commitment are important values at Systerel.","breadcrumb":{"@id":"https:\/\/www.systerel.fr\/en\/company\/solidarity-commitments\/#breadcrumb"},"inLanguage":"en-US","potentialAction":[{"@type":"ReadAction","target":["https:\/\/www.systerel.fr\/en\/company\/solidarity-commitments\/"]}]},{"@type":"ImageObject","inLanguage":"en-US","@id":"https:\/\/www.systerel.fr\/en\/company\/solidarity-commitments\/#primaryimage","url":"https:\/\/www.systerel.fr\/en\/wp-content\/uploads\/sites\/3\/2022\/12\/Coursedeslumieres.jpg","contentUrl":"https:\/\/www.systerel.fr\/en\/wp-content\/uploads\/sites\/3\/2022\/12\/Coursedeslumieres.jpg"},{"@type":"BreadcrumbList","@id":"https:\/\/www.systerel.fr\/en\/company\/solidarity-commitments\/#breadcrumb","itemListElement":[{"@type":"ListItem","position":1,"name":"Home","item":"https:\/\/www.systerel.fr\/en\/"},{"@type":"ListItem","position":2,"name":"Company","item":"https:\/\/www.systerel.fr\/en\/company\/"},{"@type":"ListItem","position":3,"name":"Solidarity commitments"}]},{"@type":"WebSite","@id":"https:\/\/www.systerel.fr\/en\/#website","url":"https:\/\/www.systerel.fr\/en\/","name":"Systerel English","description":"Safe real-time solutions","potentialAction":[{"@type":"SearchAction","target":{"@type":"EntryPoint","urlTemplate":"https:\/\/www.systerel.fr\/en\/?s={search_term_string}"},"query-input":{"@type":"PropertyValueSpecification","valueRequired":true,"valueName":"search_term_string"}}],"inLanguage":"en-US"}]}},"_links":{"self":[{"href":"https:\/\/www.systerel.fr\/en\/wp-json\/wp\/v2\/pages\/1643","targetHints":{"allow":["GET"]}}],"collection":[{"href":"https:\/\/www.systerel.fr\/en\/wp-json\/wp\/v2\/pages"}],"about":[{"href":"https:\/\/www.systerel.fr\/en\/wp-json\/wp\/v2\/types\/page"}],"author":[{"embeddable":true,"href":"https:\/\/www.systerel.fr\/en\/wp-json\/wp\/v2\/users\/4"}],"replies":[{"embeddable":true,"href":"https:\/\/www.systerel.fr\/en\/wp-json\/wp\/v2\/comments?post=1643"}],"version-history":[{"count":18,"href":"https:\/\/www.systerel.fr\/en\/wp-json\/wp\/v2\/pages\/1643\/revisions"}],"predecessor-version":[{"id":2689,"href":"https:\/\/www.systerel.fr\/en\/wp-json\/wp\/v2\/pages\/1643\/revisions\/2689"}],"up":[{"embeddable":true,"href":"https:\/\/www.systerel.fr\/en\/wp-json\/wp\/v2\/pages\/61"}],"wp:attachment":[{"href":"https:\/\/www.systerel.fr\/en\/wp-json\/wp\/v2\/media?parent=1643"}],"curies":[{"name":"wp","href":"https:\/\/api.w.org\/{rel}","templated":true}]}}